{"id":3274,"date":"2023-10-19T16:43:25","date_gmt":"2023-10-19T16:43:25","guid":{"rendered":"https:\/\/www.aficogestion.es\/?page_id=3274"},"modified":"2023-10-19T16:52:26","modified_gmt":"2023-10-19T16:52:26","slug":"accesibilidad","status":"publish","type":"page","link":"https:\/\/www.aficogestion.es\/en\/accesibilidad\/","title":{"rendered":"Accesibilidad"},"content":{"rendered":"<div data-elementor-type=\"wp-page\" data-elementor-id=\"3274\" class=\"elementor elementor-3274\" data-elementor-post-type=\"page\">\n\t\t\t\t\t\t\t<div class=\"elementor-element elementor-element-2f0efff e-con-full e-flex elementor-invisible e-con e-parent\" data-id=\"2f0efff\" data-element_type=\"container\" data-settings=\"{&quot;content_width&quot;:&quot;full&quot;,&quot;background_background&quot;:&quot;classic&quot;,&quot;animation&quot;:&quot;fadeIn&quot;,&quot;container_type&quot;:&quot;flex&quot;}\" data-core-v316-plus=\"true\">\n\t\t<div class=\"elementor-element elementor-element-d2134c9 e-con-full e-flex e-con e-child\" data-id=\"d2134c9\" data-element_type=\"container\" data-settings=\"{&quot;content_width&quot;:&quot;full&quot;,&quot;container_type&quot;:&quot;flex&quot;}\">\n\t\t<div class=\"elementor-element elementor-element-3015bf9 e-flex e-con-boxed e-con e-child\" data-id=\"3015bf9\" data-element_type=\"container\" data-settings=\"{&quot;container_type&quot;:&quot;flex&quot;,&quot;content_width&quot;:&quot;boxed&quot;}\">\n\t\t\t\t\t<div class=\"e-con-inner\">\n\t\t\t\t<div class=\"elementor-element elementor-element-3edea5b elementor-invisible elementor-widget elementor-widget-heading\" data-id=\"3edea5b\" data-element_type=\"widget\" data-settings=\"{&quot;_animation&quot;:&quot;fadeInUp&quot;}\" data-widget_type=\"heading.default\">\n\t\t\t\t<div class=\"elementor-widget-container\">\n\t\t\t<style>\/*! elementor - v3.18.0 - 20-12-2023 *\/\n.elementor-heading-title{padding:0;margin:0;line-height:1}.elementor-widget-heading .elementor-heading-title[class*=elementor-size-]>a{color:inherit;font-size:inherit;line-height:inherit}.elementor-widget-heading .elementor-heading-title.elementor-size-small{font-size:15px}.elementor-widget-heading .elementor-heading-title.elementor-size-medium{font-size:19px}.elementor-widget-heading .elementor-heading-title.elementor-size-large{font-size:29px}.elementor-widget-heading .elementor-heading-title.elementor-size-xl{font-size:39px}.elementor-widget-heading .elementor-heading-title.elementor-size-xxl{font-size:59px}<\/style><h2 class=\"elementor-heading-title elementor-size-default\">Accesibilidad<\/h2>\t\t<\/div>\n\t\t\t\t<\/div>\n\t\t\t\t<div class=\"elementor-element elementor-element-3d410e6 animated-slow elementor-widget-divider--view-line elementor-invisible elementor-widget elementor-widget-divider\" data-id=\"3d410e6\" data-element_type=\"widget\" data-settings=\"{&quot;_animation&quot;:&quot;zoomIn&quot;,&quot;_animation_delay&quot;:300}\" data-widget_type=\"divider.default\">\n\t\t\t\t<div class=\"elementor-widget-container\">\n\t\t\t<style>\/*! elementor - v3.18.0 - 20-12-2023 *\/\n.elementor-widget-divider{--divider-border-style:none;--divider-border-width:1px;--divider-color:#0c0d0e;--divider-icon-size:20px;--divider-element-spacing:10px;--divider-pattern-height:24px;--divider-pattern-size:20px;--divider-pattern-url:none;--divider-pattern-repeat:repeat-x}.elementor-widget-divider .elementor-divider{display:flex}.elementor-widget-divider .elementor-divider__text{font-size:15px;line-height:1;max-width:95%}.elementor-widget-divider .elementor-divider__element{margin:0 var(--divider-element-spacing);flex-shrink:0}.elementor-widget-divider .elementor-icon{font-size:var(--divider-icon-size)}.elementor-widget-divider .elementor-divider-separator{display:flex;margin:0;direction:ltr}.elementor-widget-divider--view-line_icon .elementor-divider-separator,.elementor-widget-divider--view-line_text .elementor-divider-separator{align-items:center}.elementor-widget-divider--view-line_icon .elementor-divider-separator:after,.elementor-widget-divider--view-line_icon .elementor-divider-separator:before,.elementor-widget-divider--view-line_text .elementor-divider-separator:after,.elementor-widget-divider--view-line_text .elementor-divider-separator:before{display:block;content:\"\";border-bottom:0;flex-grow:1;border-top:var(--divider-border-width) var(--divider-border-style) var(--divider-color)}.elementor-widget-divider--element-align-left .elementor-divider .elementor-divider-separator>.elementor-divider__svg:first-of-type{flex-grow:0;flex-shrink:100}.elementor-widget-divider--element-align-left .elementor-divider-separator:before{content:none}.elementor-widget-divider--element-align-left .elementor-divider__element{margin-left:0}.elementor-widget-divider--element-align-right .elementor-divider .elementor-divider-separator>.elementor-divider__svg:last-of-type{flex-grow:0;flex-shrink:100}.elementor-widget-divider--element-align-right .elementor-divider-separator:after{content:none}.elementor-widget-divider--element-align-right .elementor-divider__element{margin-right:0}.elementor-widget-divider:not(.elementor-widget-divider--view-line_text):not(.elementor-widget-divider--view-line_icon) .elementor-divider-separator{border-top:var(--divider-border-width) var(--divider-border-style) var(--divider-color)}.elementor-widget-divider--separator-type-pattern{--divider-border-style:none}.elementor-widget-divider--separator-type-pattern.elementor-widget-divider--view-line .elementor-divider-separator,.elementor-widget-divider--separator-type-pattern:not(.elementor-widget-divider--view-line) .elementor-divider-separator:after,.elementor-widget-divider--separator-type-pattern:not(.elementor-widget-divider--view-line) .elementor-divider-separator:before,.elementor-widget-divider--separator-type-pattern:not([class*=elementor-widget-divider--view]) .elementor-divider-separator{width:100%;min-height:var(--divider-pattern-height);-webkit-mask-size:var(--divider-pattern-size) 100%;mask-size:var(--divider-pattern-size) 100%;-webkit-mask-repeat:var(--divider-pattern-repeat);mask-repeat:var(--divider-pattern-repeat);background-color:var(--divider-color);-webkit-mask-image:var(--divider-pattern-url);mask-image:var(--divider-pattern-url)}.elementor-widget-divider--no-spacing{--divider-pattern-size:auto}.elementor-widget-divider--bg-round{--divider-pattern-repeat:round}.rtl .elementor-widget-divider .elementor-divider__text{direction:rtl}.e-con-inner>.elementor-widget-divider,.e-con>.elementor-widget-divider{width:var(--container-widget-width,100%);--flex-grow:var(--container-widget-flex-grow)}<\/style>\t\t<div class=\"elementor-divider\">\n\t\t\t<span class=\"elementor-divider-separator\">\n\t\t\t\t\t\t<\/span>\n\t\t<\/div>\n\t\t\t\t<\/div>\n\t\t\t\t<\/div>\n\t\t\t\t\t<\/div>\n\t\t\t\t<\/div>\n\t\t\t\t<\/div>\n\t\t\t\t<\/div>\n\t\t<div class=\"elementor-element elementor-element-9a05132 e-flex e-con-boxed e-con e-parent\" data-id=\"9a05132\" data-element_type=\"container\" data-settings=\"{&quot;background_background&quot;:&quot;classic&quot;,&quot;container_type&quot;:&quot;flex&quot;,&quot;content_width&quot;:&quot;boxed&quot;}\" data-core-v316-plus=\"true\">\n\t\t\t\t\t<div class=\"e-con-inner\">\n\t\t\t\t<div class=\"elementor-element elementor-element-bcdf4b8 elementor-widget elementor-widget-text-editor\" data-id=\"bcdf4b8\" data-element_type=\"widget\" data-widget_type=\"text-editor.default\">\n\t\t\t\t<div class=\"elementor-widget-container\">\n\t\t\t<style>\/*! elementor - v3.18.0 - 20-12-2023 *\/\n.elementor-widget-text-editor.elementor-drop-cap-view-stacked .elementor-drop-cap{background-color:#69727d;color:#fff}.elementor-widget-text-editor.elementor-drop-cap-view-framed .elementor-drop-cap{color:#69727d;border:3px solid;background-color:transparent}.elementor-widget-text-editor:not(.elementor-drop-cap-view-default) .elementor-drop-cap{margin-top:8px}.elementor-widget-text-editor:not(.elementor-drop-cap-view-default) .elementor-drop-cap-letter{width:1em;height:1em}.elementor-widget-text-editor .elementor-drop-cap{float:left;text-align:center;line-height:1;font-size:50px}.elementor-widget-text-editor .elementor-drop-cap-letter{display:inline-block}<\/style>\t\t\t\t<header class=\"page-header\"><h1 class=\"entry-title\">Declaraci\u00f3n de accesibilidad<\/h1><\/header><div class=\"page-content\"><div class=\"elementor elementor-1725\" data-elementor-type=\"wp-page\" data-elementor-id=\"1725\" data-elementor-post-type=\"page\"><div class=\"elementor-element elementor-element-776d57e e-flex e-con-boxed e-con\" data-id=\"776d57e\" data-element_type=\"container\" data-settings=\"{&quot;content_width&quot;:&quot;boxed&quot;}\"><div class=\"e-con-inner\"><div class=\"elementor-element elementor-element-91aa928 elementor-widget elementor-widget-text-editor\" data-id=\"91aa928\" data-element_type=\"widget\" data-widget_type=\"text-editor.default\"><div class=\"elementor-widget-container\"><h2 class=\"wp-block-heading has-medium-font-size\">1. Declaraci\u00f3n de accesibilidad<\/h2><p>Esta web se ha comprometido a hacer accesible contenido de conformidad con el criterio de accesibilidad del Programa Kit Digital, conforme a los anexos de la norma UNE-EN 301 549:2022.<\/p><h2 class=\"wp-block-heading has-medium-font-size\">2. Situaci\u00f3n de cumplimiento<\/h2><p>Las tecnolog\u00edas web en las que se basa la conformidad de la accesibilidad del presente sitio son HTML5, HTML 4.01, CSS, WAI-ARIA, SVG as\u00ed como OTRAS tecnolog\u00edas de la plataforma WordPress url:\u00a0<a role=\"link\" href=\"https:\/\/wordpress.org\/\" target=\"_blank\" rel=\"noreferrer noopener\">https:\/\/wordpress.org<\/a><\/p><p>Con motivo de lo anterior, este sitio web es PARCIALMENTE CONFORME, siendo los aspectos de accesibilidad con los que es conforme la presente web los siguientes:<\/p><figure class=\"wp-block-table\"><table><thead><tr><th>Requisitos web<\/th><th>Requisitos software<\/th><th>Requisitos documentaci\u00f3n Y servicios de apoyo<\/th><\/tr><\/thead><tbody><tr><td>9.1.1.1 Contenido no textual<br \/>9.1.3.1 Informaci\u00f3n y relaciones<br \/>9.1.3.2 Secuencia significativa<br \/>9.1.3.3 Caracter\u00edsticas sensoriales<br \/>9.1.3.4 Orientaci\u00f3n<br \/>9.1.3.5 Identificaci\u00f3n del prop\u00f3sito de la entrada<br \/>9.1.4.1 Uso del Color<br \/>9.1.4.3 Contraste (m\u00ednimo)<br \/>9.1.4.4 Cambio de tama\u00f1o del texto<br \/>9.1.4.5 Im\u00e1genes de texto<br \/>9.1.4.10 Reajuste del texto<br \/>9.1.4.11 Contraste no textual<br \/>9.1.4.12 Espaciado del texto<br \/>9.2.1.1 Teclado<br \/>9.2.1.2. Sin trampas para el foco del teclado<br \/>9.2.3.1 Umbral de tres destellos o menos<br \/>9.2.4.1. Evitar bloques<br \/>9.2.4.2 Titulado de p\u00e1ginas<br \/>9.2.4.3 Orden del foco<br \/>9.2.4.4 Prop\u00f3sito de los enlaces (en contexto)<br \/>9.2.4.5 M\u00faltiples v\u00edas<br \/>9.2.4.6 Encabezados y etiquetas<br \/>9.2.4.7 Foco visible<br \/>9.2.5.3 Inclusi\u00f3n de la etiqueta en el nombre<br \/>9.3.1.1 Idioma de la p\u00e1gina<br \/>9.3.1.2 Idioma de las partes<br \/>9.3.2.1 Al recibir el foco<br \/>9.3.2.2 Al recibir entradas<br \/>9.3.2.3 Navegaci\u00f3n coherente<br \/>9.3.2.4 Identificaci\u00f3n coherente<br \/>9.3.3.1 Identificaci\u00f3n de errores<br \/>9.3.3.2 Etiquetas o instrucciones<br \/>9.3.3.3 Sugerencias ante errores<br \/>9.4.1.1 Procedimiento<br \/>9.4.1.2 Nombre, funci\u00f3n, valor<br \/>9.4.1.3 Mensajes de estado<br \/>9.6 Requisitos de conformidad de las Pautas WCAG<\/td><td>11.7 Preferencias de usuario<br \/>11.8.1 Tecnolog\u00eda de gesti\u00f3n de contenidos<br \/>11.8.2 Creaci\u00f3n de contenidos accesibles<\/td><td>12.1.1 Caracter\u00edsticas de accesibilidad y compatibilidad<br \/>12.1.2 Documentaci\u00f3n accesible<br \/>12.2.2 Informaci\u00f3n sobre las caracter\u00edsticas de accesibilidad y compatibilidad<br \/>12.2.3 Comunicaci\u00f3n efectiva<br \/>12.2.4 Documentaci\u00f3n accesible<\/td><\/tr><\/tbody><\/table><\/figure><h2 class=\"wp-block-heading has-medium-font-size\">3. Contenido No Accesible<\/h2><h3 class=\"wp-block-heading has-medium-font-size\">9.1.4.13 Contenido se\u00f1alado con el puntero o que tiene el foco (Condicional)<\/h3><p>Donde recibir y luego quitar el puntero o el foco del teclado desencadena contenido adicional para que se vuelva visible y luego se oculte, lo siguiente es cierto:<\/p><p>Descartable: Hay un mecanismo disponible para descartar el contenido adicional sin mover el puntero o el foco del teclado, a menos que el contenido adicional comunique un error de entrada o no oculte o reemplace otro contenido;<br \/>Hoverable: Si el desplazamiento del puntero puede activar el contenido adicional, entonces el puntero se puede mover sobre el contenido adicional sin que desaparezca el contenido adicional;<br \/>Persistente: El contenido adicional permanece visible hasta que se elimine el disparador de desplazamiento o enfoque, el usuario lo descarte o su informaci\u00f3n ya no sea v\u00e1lida.<\/p><h3 class=\"wp-block-heading has-medium-font-size\">9.2.1.4 Atajos del teclado (Condicional)<\/h3><p>Si se implementa un atajo de teclado en el contenido usando solo letras (incluidas letras may\u00fasculas y min\u00fasculas), signos de puntuaci\u00f3n, n\u00fameros o s\u00edmbolos, entonces al menos uno de los siguientes es verdadero:<\/p><ul><li>Apagar: Hay un mecanismo disponible para desactivar el atajo;<\/li><li>Reasignar: Hay un mecanismo disponible para reasignar el atajo para usar uno o m\u00e1s caracteres de teclado no imprimibles (por ejemplo, Ctrl, Alt, etc.);<\/li><li>Activo solo en foco: El m\u00e9todo abreviado de teclado para un componente de la interfaz de usuario solo est\u00e1 activo cuando ese componente tiene el foco.<\/li><\/ul><p><a role=\"link\" href=\"https:\/\/www.w3.org\/TR\/WCAG\/#character-key-shortcuts\" target=\"_blank\" rel=\"noopener\">https:\/\/www.w3.org\/TR\/WCAG\/#character-key-shortcuts<\/a><\/p><h3 class=\"wp-block-heading has-medium-font-size\">9.2.5.4 Activaci\u00f3n mediante movimiento (Condicional)<\/h3><p>La funcionalidad que puede ser operada por el movimiento del dispositivo o el movimiento del usuario tambi\u00e9n puede ser operada por los componentes de la interfaz de usuario y la respuesta al movimiento puede desactivarse para evitar la activaci\u00f3n accidental, excepto cuando:<\/p><ul><li>Interfaz compatible: El movimiento se utiliza para operar la funcionalidad a trav\u00e9s de una interfaz compatible con accesibilidad ;<\/li><li>B\u00e1sico: El movimiento es esencial para la funci\u00f3n y hacerlo invalidar\u00eda la actividad.<\/li><\/ul><p><a role=\"link\" href=\"https:\/\/www.w3.org\/TR\/WCAG\/#motion-actuation\" target=\"_blank\" rel=\"noopener\">https:\/\/www.w3.org\/TR\/WCAG\/#motion-actuation<\/a><\/p><h3 class=\"wp-block-heading has-medium-font-size\">11.8.4 Servicio de reparaci\u00f3n (Condicional)<\/h3><p>Condici\u00f3n: Cuando el contenido web sea una herramienta de autor.<\/p><p>Si la funcionalidad de verificaci\u00f3n de la accesibilidad de una herramienta de autor puede detectar si el contenido no cumple un requisito de los cap\u00edtulos 9 (Web) o 10 (Documentos no web), seg\u00fan proceda, entonces la herramienta de autor debe proporcionar una(s) sugerencia(s) para su reparaci\u00f3n.<\/p><p>NOTA Esto no excluye una reparaci\u00f3n autom\u00e1tica o semiautom\u00e1tica, que es posible (y recomendable) para muchos de los tipos de problemas de accesibilidad del contenido.<\/p><h3 class=\"wp-block-heading has-medium-font-size\">11.8.5 Plantillas (Condicional)<\/h3><p>Condici\u00f3n: Cuando el contenido web sea una herramienta de autor.<\/p><p>Si una herramienta de autor proporciona plantillas, debe estar disponible e identificada como tal por lo menos una plantillas que sea compatible con la creaci\u00f3n de contenido conforme a los requisitos de los cap\u00edtulos 9 (Web) o 10 (Documentos no web), seg\u00fan proceda.<\/p><h2 class=\"wp-block-heading has-medium-font-size\">4. Preparaci\u00f3n de la presente declaraci\u00f3n de accesibilidad<\/h2><p>La presente declaraci\u00f3n fue preparada el 25 de marzo de 2023<\/p><p>El m\u00e9todo empleado para preparar la declaraci\u00f3n ha sido la empresa tercera Agua Crea&amp;Comunica, la cual certifica que el presente sitio web corresponde sustancialmente a la interpretaci\u00f3n de la gu\u00eda informativa proporcionada por las pautas WCAG 2.1 AA. En este esfuerzo continuo en la eliminaci\u00f3n de barreras y seguir\u00e1n mejorando este sitio hasta alcanzar una accesibilidad y usabilidad \u00f3ptimas para todos los usuarios<\/p><p>\u00daltima revisi\u00f3n de la declaraci\u00f3n: 25 de marzo de 2023<\/p><h2 class=\"wp-block-heading has-medium-font-size\">5. Observaciones y datos de contacto<\/h2><p>Si encuentra barreras de acceso o problemas con alguna p\u00e1gina o funci\u00f3n de este sitio web que pueda suponer un obst\u00e1culo para los visitantes que quieran acceder a \u00e9l, puede ponerse en contacto en cualquier momento en la direcci\u00f3n de correo electr\u00f3nico del aviso legal.<\/p><\/div><\/div><\/div><\/div><\/div><\/div>\t\t\t\t\t\t<\/div>\n\t\t\t\t<\/div>\n\t\t\t\t\t<\/div>\n\t\t\t\t<\/div>\n\t\t\t\t\t\t\t<\/div>","protected":false},"excerpt":{"rendered":"<p>Accesibilidad Declaraci\u00f3n de accesibilidad 1. Declaraci\u00f3n de accesibilidad Esta web se ha comprometido a hacer accesible contenido de conformidad con el criterio de accesibilidad del Programa Kit Digital, conforme a los anexos de la norma UNE-EN 301 549:2022. 2. Situaci\u00f3n de cumplimiento Las tecnolog\u00edas web en las que se basa la conformidad de la accesibilidad [&hellip;]<\/p>","protected":false},"author":1,"featured_media":0,"parent":0,"menu_order":0,"comment_status":"closed","ping_status":"closed","template":"elementor_header_footer","meta":{"footnotes":""},"_links":{"self":[{"href":"https:\/\/www.aficogestion.es\/en\/wp-json\/wp\/v2\/pages\/3274"}],"collection":[{"href":"https:\/\/www.aficogestion.es\/en\/wp-json\/wp\/v2\/pages"}],"about":[{"href":"https:\/\/www.aficogestion.es\/en\/wp-json\/wp\/v2\/types\/page"}],"author":[{"embeddable":true,"href":"https:\/\/www.aficogestion.es\/en\/wp-json\/wp\/v2\/users\/1"}],"replies":[{"embeddable":true,"href":"https:\/\/www.aficogestion.es\/en\/wp-json\/wp\/v2\/comments?post=3274"}],"version-history":[{"count":7,"href":"https:\/\/www.aficogestion.es\/en\/wp-json\/wp\/v2\/pages\/3274\/revisions"}],"predecessor-version":[{"id":3282,"href":"https:\/\/www.aficogestion.es\/en\/wp-json\/wp\/v2\/pages\/3274\/revisions\/3282"}],"wp:attachment":[{"href":"https:\/\/www.aficogestion.es\/en\/wp-json\/wp\/v2\/media?parent=3274"}],"curies":[{"name":"wp","href":"https:\/\/api.w.org\/{rel}","templated":true}]}}